{"id":64,"date":"2010-11-20T01:07:43","date_gmt":"2010-11-20T04:07:43","guid":{"rendered":"https:\/\/ifbaiano.edu.br\/napne\/?page_id=64"},"modified":"2014-01-13T16:04:35","modified_gmt":"2014-01-13T19:04:35","slug":"interatividade","status":"publish","type":"page","link":"https:\/\/napne.ifbaiano.edu.br\/portal\/?page_id=64","title":{"rendered":"Contatos"},"content":{"rendered":"<p style=\"text-align: left;\"><img loading=\"lazy\" class=\"size-medium wp-image-65 aligncenter\" title=\"Imagem grupo de email.\" alt=\"\" src=\"https:\/\/napne.ifbaiano.edu.br\/portal\/wp-content\/uploads\/2010\/11\/grupo_email-300x187.jpg\" width=\"300\" height=\"187\" srcset=\"https:\/\/napne.ifbaiano.edu.br\/portal\/wp-content\/uploads\/2010\/11\/grupo_email-300x187.jpg 300w, https:\/\/napne.ifbaiano.edu.br\/portal\/wp-content\/uploads\/2010\/11\/grupo_email.jpg 877w\" sizes=\"(max-width: 300px) 100vw, 300px\" \/><\/p>\n<p style=\"text-align: left;\"><strong>Endere\u00e7os eletr\u00f4nicos:<\/strong><\/p>\n<p style=\"text-align: left;\">Assessoria de Diversidade e Inclus\u00e3o: <span style=\"text-decoration: underline;\"><span style=\"color: #0000ff;\"><a href=\"mailto:diversidade.inclusao@ifbaiano.edu.br\">diversidade.inclusao@ifbaiano.edu.br<\/a> <\/span><\/span><\/p>\n<p style=\"text-align: left;\">NAPNE IF Baiano:<\/p>\n<p style=\"text-align: left;\">1\u00a0Bom Jesus da lapa: <a href=\"napne@lapa.ifbaiano.edu.br\">napne@lapa.ifbaiano.edu.br<\/a><\/p>\n<p style=\"text-align: left;\">2 Catu: \u00a0<a href=\"napne@catu.ifbaiano.edu.br\">napne@catu.ifbaiano.edu.br<\/a><\/p>\n<p style=\"text-align: left;\">3 Governador Mangabeira: \u00a0<a href=\"mailto:napne@mangabeira.ifbaiano.edu.br\">napne@mangabeira.ifbaiano.edu.br<\/a><\/p>\n<p style=\"text-align: left;\">4 Guanambi:\u00a0<a href=\"napne@guanambi.ifbaiano.edu.br\">napne@guanambi.ifbaiano.edu.br<\/a><\/p>\n<p style=\"text-align: left;\">5 Itapetinga:\u00a0<a href=\"napne@guanambi.ifbaiano.edu.b\">napne@itapetinga.ifbaiano.edu.b<\/a><\/p>\n<p style=\"text-align: left;\">6 Santa In\u00eas: \u00a0<a href=\"mailto:napne@si.ifbaiano.edu.br\">napne@si.ifbaiano.edu.br<\/a><\/p>\n<p style=\"text-align: left;\">7\u00a0Senhor do Bonfim: <a href=\"mailto:napne@bonfim.ifbaiano.edu.br\">napne@bonfim.ifbaiano.edu.br<\/a><\/p>\n<p style=\"text-align: left;\">8 Teixeira de Freitas:\u00a0<a href=\"mailto:napne@teixeira.ifbaiano.edu.br\">napne@teixeira.ifbaiano.edu.br<\/a><\/p>\n<p style=\"text-align: left;\">9\u00a0Uru\u00e7uca: <a href=\"napne@urucuca.ifbaiano.edu.br\">napne@urucuca.ifbaiano.edu.br<\/a><\/p>\n<p style=\"text-align: left;\">10 Valen\u00e7a: <a href=\"napne@valenca.ifbaiano.edu.br\">napne@valenca.ifbaiano.edu.br<\/a><\/p>\n<p style=\"text-align: left;\">\n","protected":false},"excerpt":{"rendered":"<p>Endere\u00e7os eletr\u00f4nicos: Assessoria de Diversidade e Inclus\u00e3o: diversidade.inclusao@ifbaiano.edu.br NAPNE IF Baiano: 1\u00a0Bom Jesus da lapa: napne@lapa.ifbaiano.edu.br 2 Catu: \u00a0napne@catu.ifbaiano.edu.br 3 Governador Mangabeira: \u00a0napne@mangabeira.ifbaiano.edu.br 4 Guanambi:\u00a0napne@guanambi.ifbaiano.edu.br 5 Itapetinga:\u00a0napne@itapetinga.ifbaiano.edu.b 6 Santa In\u00eas: \u00a0napne@si.ifbaiano.edu.br 7\u00a0Senhor do Bonfim: napne@bonfim.ifbaiano.edu.br 8 Teixeira de Freitas:\u00a0napne@teixeira.ifbaiano.edu.br 9\u00a0Uru\u00e7uca: napne@urucuca.ifbaiano.edu.br 10 Valen\u00e7a: napne@valenca.ifbaiano.edu.br<\/p>\n","protected":false},"author":4,"featured_media":0,"parent":0,"menu_order":2,"comment_status":"closed","ping_status":"closed","template":"","meta":[],"_links":{"self":[{"href":"https:\/\/napne.ifbaiano.edu.br\/portal\/index.php?rest_route=\/wp\/v2\/pages\/64"}],"collection":[{"href":"https:\/\/napne.ifbaiano.edu.br\/portal\/index.php?rest_route=\/wp\/v2\/pages"}],"about":[{"href":"https:\/\/napne.ifbaiano.edu.br\/portal\/index.php?rest_route=\/wp\/v2\/types\/page"}],"author":[{"embeddable":true,"href":"https:\/\/napne.ifbaiano.edu.br\/portal\/index.php?rest_route=\/wp\/v2\/users\/4"}],"replies":[{"embeddable":true,"href":"https:\/\/napne.ifbaiano.edu.br\/portal\/index.php?rest_route=%2Fwp%2Fv2%2Fcomments&post=64"}],"version-history":[{"count":4,"href":"https:\/\/napne.ifbaiano.edu.br\/portal\/index.php?rest_route=\/wp\/v2\/pages\/64\/revisions"}],"predecessor-version":[{"id":257,"href":"https:\/\/napne.ifbaiano.edu.br\/portal\/index.php?rest_route=\/wp\/v2\/pages\/64\/revisions\/257"}],"wp:attachment":[{"href":"https:\/\/napne.ifbaiano.edu.br\/portal\/index.php?rest_route=%2Fwp%2Fv2%2Fmedia&parent=64"}],"curies":[{"name":"wp","href":"https:\/\/api.w.org\/{rel}","templated":true}]}}