{"id":261,"date":"2014-01-13T10:43:03","date_gmt":"2014-01-13T13:43:03","guid":{"rendered":"https:\/\/napne.ifbaiano.edu.br\/portal\/?page_id=261"},"modified":"2014-01-13T11:20:43","modified_gmt":"2014-01-13T14:20:43","slug":"acessibilidade-arquitetonica","status":"publish","type":"page","link":"https:\/\/napne.ifbaiano.edu.br\/portal\/?page_id=261","title":{"rendered":"Acessibilidade Arquitet\u00f4nica"},"content":{"rendered":"<p>Aqui constam informa\u00e7\u00f5es relativas a adapta\u00e7\u00f5es\u00a0arquitet\u00f4nicas\u00a0em ambientes p\u00fablicos, correspondentes ao padr\u00e3o do desenho universal.<\/p>\n<p>Visa\u00a0permitir o deslocamento aut\u00f4nomo de todas as pessoas, em todos os espa\u00e7os,\u00a0independente de suas necessidades espec\u00edficas.<\/p>\n<p>O IF Baiano disponibilizou a cole\u00e7\u00e3o de normas da ABNT, exclusivamente em meio eletr\u00f4nico, tal recurso s\u00f3 pode ser acessado dentro da faixa de IP do instituto.<\/p>\n<p>Para acessar a norma clique no link: <a title=\"ABNT NBR 9050\" href=\"http:\/\/www.abntcolecao.com.br\/ifbaiano\/norma.aspx?ID=80188#\">ABNT NBR 9050<\/a><\/p>\n","protected":false},"excerpt":{"rendered":"<p>Aqui constam informa\u00e7\u00f5es relativas a adapta\u00e7\u00f5es\u00a0arquitet\u00f4nicas\u00a0em ambientes p\u00fablicos, correspondentes ao padr\u00e3o do desenho universal. Visa\u00a0permitir o deslocamento aut\u00f4nomo de todas as pessoas, em todos os espa\u00e7os,\u00a0independente de suas necessidades espec\u00edficas. O IF Baiano disponibilizou a cole\u00e7\u00e3o de normas da ABNT, exclusivamente em meio eletr\u00f4nico, tal recurso s\u00f3 pode ser acessado dentro da faixa de IP [&hellip;]<\/p>\n","protected":false},"author":3,"featured_media":0,"parent":0,"menu_order":0,"comment_status":"open","ping_status":"open","template":"","meta":[],"_links":{"self":[{"href":"https:\/\/napne.ifbaiano.edu.br\/portal\/index.php?rest_route=\/wp\/v2\/pages\/261"}],"collection":[{"href":"https:\/\/napne.ifbaiano.edu.br\/portal\/index.php?rest_route=\/wp\/v2\/pages"}],"about":[{"href":"https:\/\/napne.ifbaiano.edu.br\/portal\/index.php?rest_route=\/wp\/v2\/types\/page"}],"author":[{"embeddable":true,"href":"https:\/\/napne.ifbaiano.edu.br\/portal\/index.php?rest_route=\/wp\/v2\/users\/3"}],"replies":[{"embeddable":true,"href":"https:\/\/napne.ifbaiano.edu.br\/portal\/index.php?rest_route=%2Fwp%2Fv2%2Fcomments&post=261"}],"version-history":[{"count":4,"href":"https:\/\/napne.ifbaiano.edu.br\/portal\/index.php?rest_route=\/wp\/v2\/pages\/261\/revisions"}],"predecessor-version":[{"id":266,"href":"https:\/\/napne.ifbaiano.edu.br\/portal\/index.php?rest_route=\/wp\/v2\/pages\/261\/revisions\/266"}],"wp:attachment":[{"href":"https:\/\/napne.ifbaiano.edu.br\/portal\/index.php?rest_route=%2Fwp%2Fv2%2Fmedia&parent=261"}],"curies":[{"name":"wp","href":"https:\/\/api.w.org\/{rel}","templated":true}]}}