{"id":254,"date":"2014-01-13T09:59:53","date_gmt":"2014-01-13T12:59:53","guid":{"rendered":"https:\/\/napne.ifbaiano.edu.br\/portal\/?page_id=254"},"modified":"2014-02-05T17:49:36","modified_gmt":"2014-02-05T20:49:36","slug":"sobre-o-napne","status":"publish","type":"page","link":"https:\/\/napne.ifbaiano.edu.br\/portal\/?page_id=254","title":{"rendered":"Sobre o NAPNE"},"content":{"rendered":"<p>O NAPNE \u00e9 um setor\u00a0consultivo que realiza:<\/p>\n<p>&#8211; Articula\u00e7\u00e3o entre setores institucionais nas atividades relativas \u00e0 inclus\u00e3o da Pessoa com Necessidades Espec\u00edficas.<\/p>\n<p>&#8211; Defini\u00e7\u00e3o de prioridades no desenvolvimento e disponibiliza\u00e7\u00e3o de materiais pedag\u00f3gicos e equipamentos de Tecnologia Assistiva.<\/p>\n<p>&#8211; Gerenciamento\u00a0 de parcerias\u00a0para\u00a0\u00a0apoio t\u00e9cnico.<\/p>\n<p>&#8211; Promo\u00e7\u00e3o e divulga\u00e7\u00e3o de eventos relacionados.<\/p>\n","protected":false},"excerpt":{"rendered":"<p>O NAPNE \u00e9 um setor\u00a0consultivo que realiza: &#8211; Articula\u00e7\u00e3o entre setores institucionais nas atividades relativas \u00e0 inclus\u00e3o da Pessoa com Necessidades Espec\u00edficas. &#8211; Defini\u00e7\u00e3o de prioridades no desenvolvimento e disponibiliza\u00e7\u00e3o de materiais pedag\u00f3gicos e equipamentos de Tecnologia Assistiva. &#8211; Gerenciamento\u00a0 de parcerias\u00a0para\u00a0\u00a0apoio t\u00e9cnico. &#8211; Promo\u00e7\u00e3o e divulga\u00e7\u00e3o de eventos relacionados.<\/p>\n","protected":false},"author":3,"featured_media":0,"parent":0,"menu_order":1,"comment_status":"open","ping_status":"closed","template":"","meta":[],"_links":{"self":[{"href":"https:\/\/napne.ifbaiano.edu.br\/portal\/index.php?rest_route=\/wp\/v2\/pages\/254"}],"collection":[{"href":"https:\/\/napne.ifbaiano.edu.br\/portal\/index.php?rest_route=\/wp\/v2\/pages"}],"about":[{"href":"https:\/\/napne.ifbaiano.edu.br\/portal\/index.php?rest_route=\/wp\/v2\/types\/page"}],"author":[{"embeddable":true,"href":"https:\/\/napne.ifbaiano.edu.br\/portal\/index.php?rest_route=\/wp\/v2\/users\/3"}],"replies":[{"embeddable":true,"href":"https:\/\/napne.ifbaiano.edu.br\/portal\/index.php?rest_route=%2Fwp%2Fv2%2Fcomments&post=254"}],"version-history":[{"count":3,"href":"https:\/\/napne.ifbaiano.edu.br\/portal\/index.php?rest_route=\/wp\/v2\/pages\/254\/revisions"}],"predecessor-version":[{"id":333,"href":"https:\/\/napne.ifbaiano.edu.br\/portal\/index.php?rest_route=\/wp\/v2\/pages\/254\/revisions\/333"}],"wp:attachment":[{"href":"https:\/\/napne.ifbaiano.edu.br\/portal\/index.php?rest_route=%2Fwp%2Fv2%2Fmedia&parent=254"}],"curies":[{"name":"wp","href":"https:\/\/api.w.org\/{rel}","templated":true}]}}